{"id":9,"date":"2025-05-09T19:05:37","date_gmt":"2025-05-09T19:05:37","guid":{"rendered":"http:\/\/luigilarossa.com\/?page_id=9"},"modified":"2025-05-09T19:09:12","modified_gmt":"2025-05-09T19:09:12","slug":"luigi-la-rossa-cikis-hikayesi","status":"publish","type":"page","link":"http:\/\/luigilarossa.com\/?page_id=9","title":{"rendered":"LUIGI LA ROSSA \u00c7IKI\u015e H\u0130KAYES\u0130"},"content":{"rendered":"\n<div class=\"wp-block-cover alignfull is-light has-contrast-color has-text-color has-link-color wp-elements-326aa7554546c6348431c6088485313b\" style=\"margin-top:0;margin-bottom:0;padding-top:var(--wp--preset--spacing--60);padding-right:var(--wp--preset--spacing--50);padding-bottom:var(--wp--preset--spacing--60);padding-left:var(--wp--preset--spacing--50)\"><span aria-hidden=\"true\" class=\"wp-block-cover__background has-base-background-color has-background-dim-100 has-background-dim\"><\/span><div class=\"wp-block-cover__inner-container has-global-padding is-layout-constrained wp-container-core-cover-is-layout-873ee6b1 wp-block-cover-is-layout-constrained\">\n<div class=\"wp-block-columns alignwide is-layout-flex wp-container-core-columns-is-layout-7ee84d44 wp-block-columns-is-layout-flex\">\n<div class=\"wp-block-column is-layout-flow wp-block-column-is-layout-flow\" style=\"flex-basis:65%\">\n<div class=\"wp-block-group is-vertical is-content-justification-stretch is-layout-flex wp-container-core-group-is-layout-353c4f5a wp-block-group-is-layout-flex\">\n<h1 class=\"wp-block-heading has-text-align-left\" style=\"font-size:clamp(3.155rem, 3.155rem + ((1vw - 0.2rem) * 4.933), 6.3rem);font-style:normal;font-weight:300;letter-spacing:-0.03em;line-height:0.6\">Merhaba<\/h1>\n\n\n\n<p class=\"is-style-text-subtitle is-style-text-subtitle--1\">Her markan\u0131n bir hikayesi yoktur, ancak hayalleri s\u00fcsleyen bir b\u00fcy\u00fcmeyi hedeflediklerinden ilham kayna\u011f\u0131 onlar\u0131 \u00e7e\u015fitli yolculuklara \u00e7\u0131kar\u0131p bir olay \u00f6rg\u00fcs\u00fc ya\u015fanm\u0131\u015f\u00e7as\u0131na ifadelerle ilgi \u00e7ekmektedir. \u015eimdi sizlerin de zevkle dinleyece\u011fi ve okuyaca\u011f\u0131 ger\u00e7ek bir marka yarat\u0131m s\u00fcrecini aktaraca\u011f\u0131m.<\/p>\n\n\n\n<p>Sizlerin de bildi\u011fi \u00fczere r\u00fcyalar\u0131m\u0131z biz ademo\u011fullar\u0131na verilmi\u015f en b\u00fcy\u00fck nimetlerden biri, R\u00fcyalar\u0131m\u0131z bazen bize olaca\u011f\u0131, bitece\u011fi ve var olmu\u015f t\u00fcm ya\u015fanm\u0131\u015fl\u0131klar\u0131 insan iradesinin m\u00fcdahale edemeyece\u011fi y\u00fcce kaynaktan bizlere aktar\u0131lan bilgi veya mesajlard\u0131r, LUIGI LA ROSSA tam da bu noktada bizlere ilham kayna\u011f\u0131 olmu\u015ftur. Bir r\u00fcya ile bildirilen isim ve \u00fczerine olu\u015fturulmu\u015f bir markad\u0131r. Bizler de y\u00fcce kaynaktan gelen r\u00fcya yolu aktar\u0131m\u0131yla bunu ger\u00e7e\u011fe d\u00f6n\u00fc\u015ft\u00fcrd\u00fck, i\u015fte r\u00fcyalar\u0131n ger\u00e7ek olmas\u0131 dedi\u011fimiz \u015fey tam da bu olsa yeridir. R\u00fcyan\u0131n detaylar\u0131na girmeyece\u011fim (SEVG\u0130L\u0130 EK\u0130B\u0130M\u0130ZLE YAPACA\u011eINIZ SOHBETTE ONLARIN AKTARIMI DAHA KIYMETL\u0130 OLACAKTIR.) ancak ger\u00e7e\u011fe d\u00f6kt\u00fc\u011f\u00fcm\u00fcz bu r\u00fcyay\u0131 bundan sonra global d\u00fczeyde tan\u0131nm\u0131\u015f ve ba\u015far\u0131l\u0131 olmu\u015f t\u00fcm markalar listesinde yerimizi alaca\u011f\u0131m\u0131za olan inanc\u0131m\u0131z her ge\u00e7en g\u00fcn artmaktad\u0131r. Do\u011fru i\u015fi, do\u011fru insanlarla s\u0131rtlay\u0131p, dayan\u0131\u015fma ruhu i\u00e7erisinde \u00fcstlendi\u011finiz zaman, halledilemeyecek bir sorun olmad\u0131\u011f\u0131n\u0131 LUIGI LA ROSSA ailesi olarak bizler g\u00f6rd\u00fck. \u015eimdi sizleri bu ekip ruhunun sa\u011flad\u0131\u011f\u0131 ba\u015far\u0131yla tan\u0131\u015ft\u0131rmaya ve bulu\u015fturmaya geldik. Kozmetik sekt\u00f6r\u00fcnde hedeflerini yakalamak isteyen markalarla rekabet ederek ve bu yolculukta yan\u0131m\u0131za alaca\u011f\u0131m\u0131z m\u00fc\u015fteri odakl\u0131 memnuniyet, insan sa\u011fl\u0131\u011f\u0131 ve kalite olmazsa olmaz\u0131m\u0131zd\u0131r. Bu b\u00fcy\u00fcl\u00fc yolculukta sizlerin de deste\u011fiyle b\u00fcy\u00fcy\u00fcp geni\u015flemeyi ve pazardaki ger\u00e7ek yerimizi almay\u0131 hedefliyoruz. LUIGI LA ROSSA\u2019NIN S\u0130ZDEN B\u0130R\u0130 OLDU\u011eUNU UNUTMAYIN!!!<\/p>\n\n\n\n<p class=\"is-style-text-subtitle is-style-text-subtitle--2\">Sabunun tarihi insanl\u0131k tarihi kadar eskidir. Baz\u0131 \u00fcr\u00fcnler \u00e7e\u015fitli k\u00fclt\u00fcrlerde anlam\u0131 olan ve olmayan diye iki\u2019 ye ayr\u0131l\u0131r. Temizlik ve hijyen t\u00fcm k\u00fclt\u00fcrlerin ortak ve benzer y\u00f6n\u00fcd\u00fcr. \u0130nan\u00e7lar, diller, gelenekler ayr\u0131lsa da temizlik konusu ve temizlik \u00fcr\u00fcnlerinin kullan\u0131m ama\u00e7lar\u0131 de\u011fi\u015fmez. Sabun Mezopotamya, Antik Yunan, Roma ve M\u0131s\u0131r\u2019da kar\u015f\u0131m\u0131za \u00e7\u0131k\u0131yor. G\u00fcn\u00fcm\u00fczde ise farkl\u0131 metotlarda ve i\u00e7eriklerde \u00e7e\u015fitli sabun \u00fcretimi yapan kesimler mevcuttur ancak ortak ama\u00e7 insan sa\u011fl\u0131\u011f\u0131 ve hijyen ko\u015fullar\u0131 sa\u011flanarak yap\u0131lmas\u0131d\u0131r. Tarihte kaliteli sabun kullan\u0131m\u0131na bakt\u0131\u011f\u0131m\u0131zda \u00fcst tabaka se\u00e7kinlerin kulland\u0131klar\u0131n\u0131 ve l\u00fcks t\u00fcketim malzemesi oldu\u011funu biliyoruz ama bizler t\u00fcm insanl\u0131k ve d\u00fcnya temizlensin diye kaliteyi her eve ve her ekonomik b\u00fct\u00e7eye uygun hale getirip fiyat politikam\u0131z\u0131 da bundan hareketle belirleyip de\u011ferli ya\u011flar ve vitaminlerle haz\u0131rlayarak&nbsp; t\u00fcm insanl\u0131\u011fa hediye ediyoruz. LUIGI LA ROSSA ailesi olarak sizlere bu \u00fcr\u00fcnleri arz ederken, g\u00fcvenilir ve deneyimli kadrosuyla olu\u015fan bu yap\u0131n\u0131n t\u00fcm sorular\u0131n\u0131za cevap verecek ve bir arkada\u015fa \u00e7ay kahve i\u00e7meye gider gibi sohbetler ger\u00e7ekle\u015ftirip g\u00fcvenli al\u0131\u015fveri\u015f yapaca\u011f\u0131n\u0131z bir yap\u0131 oldu\u011funu da eklemek isteriz. \u015e\u0130MD\u0130 B\u0130ZLERLE TANI\u015eMAK VE BULU\u015eMAK \u0130STEYEN T\u00dcM DOSTLARIMIZI A\u0130LEM\u0130Z\u0130 B\u00dcY\u00dcTMEK ADINA S\u0130ZLER\u0130 BU B\u00dcNYEYE KATMAK \u0130ST\u0130YOR VE \u00dcR\u00dcNLER\u0130M\u0130Z\u0130N KULLANIMI VE SONRASINDA G\u00dcZEL GER\u0130 D\u00d6N\u00dc\u015eLER\u0130N\u0130Z\u0130 BEKL\u0130YORUZ.<\/p>\n<\/div>\n<\/div>\n\n\n\n<div class=\"wp-block-column is-layout-flow wp-block-column-is-layout-flow\" style=\"flex-basis:35%\">\n<div class=\"wp-block-group is-vertical is-content-justification-stretch is-nowrap is-layout-flex wp-container-core-group-is-layout-73b0033c wp-block-group-is-layout-flex\">\n<figure class=\"wp-block-image size-full\"><img loading=\"lazy\" decoding=\"async\" width=\"1536\" height=\"2048\" src=\"http:\/\/luigilarossa.com\/wp-content\/uploads\/2025\/05\/2.jpg\" alt=\"\" class=\"wp-image-10\" style=\"aspect-ratio:3\/4;object-fit:cover\" srcset=\"http:\/\/luigilarossa.com\/wp-content\/uploads\/2025\/05\/2.jpg 1536w, http:\/\/luigilarossa.com\/wp-content\/uploads\/2025\/05\/2-225x300.jpg 225w, http:\/\/luigilarossa.com\/wp-content\/uploads\/2025\/05\/2-768x1024.jpg 768w, http:\/\/luigilarossa.com\/wp-content\/uploads\/2025\/05\/2-1152x1536.jpg 1152w\" sizes=\"auto, (max-width: 1536px) 100vw, 1536px\" \/><\/figure>\n\n\n\n<p class=\"has-text-align-right has-x-large-font-size\" style=\"line-height:1.2\"><a href=\"#\">Instagram<\/a><br><a href=\"#\">LinkedIn<\/a><br><a href=\"#\">Now<\/a><\/p>\n<\/div>\n<\/div>\n<\/div>\n<\/div><\/div>\n","protected":false},"excerpt":{"rendered":"","protected":false},"author":2,"featured_media":0,"parent":0,"menu_order":0,"comment_status":"closed","ping_status":"closed","template":"","meta":{"footnotes":""},"class_list":["post-9","page","type-page","status-publish","hentry"],"_links":{"self":[{"href":"http:\/\/luigilarossa.com\/index.php?rest_route=\/wp\/v2\/pages\/9","targetHints":{"allow":["GET"]}}],"collection":[{"href":"http:\/\/luigilarossa.com\/index.php?rest_route=\/wp\/v2\/pages"}],"about":[{"href":"http:\/\/luigilarossa.com\/index.php?rest_route=\/wp\/v2\/types\/page"}],"author":[{"embeddable":true,"href":"http:\/\/luigilarossa.com\/index.php?rest_route=\/wp\/v2\/users\/2"}],"replies":[{"embeddable":true,"href":"http:\/\/luigilarossa.com\/index.php?rest_route=%2Fwp%2Fv2%2Fcomments&post=9"}],"version-history":[{"count":1,"href":"http:\/\/luigilarossa.com\/index.php?rest_route=\/wp\/v2\/pages\/9\/revisions"}],"predecessor-version":[{"id":11,"href":"http:\/\/luigilarossa.com\/index.php?rest_route=\/wp\/v2\/pages\/9\/revisions\/11"}],"wp:attachment":[{"href":"http:\/\/luigilarossa.com\/index.php?rest_route=%2Fwp%2Fv2%2Fmedia&parent=9"}],"curies":[{"name":"wp","href":"https:\/\/api.w.org\/{rel}","templated":true}]}}